{"id":406,"date":"2018-11-23T16:10:53","date_gmt":"2018-11-23T15:10:53","guid":{"rendered":"https:\/\/dfrostsurfandyoga.cyon.site\/?page_id=406"},"modified":"2022-10-06T16:01:58","modified_gmt":"2022-10-06T14:01:58","slug":"villa-surya-paradis-plage","status":"publish","type":"page","link":"https:\/\/dfrostsurfandyoga.cyon.site\/de\/location\/villa-surya-paradis-plage","title":{"rendered":"Villa Surya"},"content":{"rendered":"","protected":false},"excerpt":{"rendered":"","protected":false},"author":9,"featured_media":0,"parent":131,"menu_order":0,"comment_status":"closed","ping_status":"closed","template":"","meta":{"_acf_changed":false,"footnotes":""},"class_list":["post-406","page","type-page","status-publish","hentry"],"acf":[],"yoast_head":"<!-- This site is optimized with the Yoast SEO plugin v27.3 - https:\/\/yoast.com\/product\/yoast-seo-wordpress\/ -->\n<title>Villa Surya | Yoga &amp; Meditation Paradis | DFrost Almugar<\/title>\n<meta name=\"description\" content=\"Yoga Retreat an Marokkos Atlantikk\u00fcste. Limitiert auf 16 G\u00e4ste f\u00fcr einen Urlaub voller Yoga, Meditation &amp; Wellness. Jetzt mehr erfahren.\" \/>\n<meta name=\"robots\" content=\"index, follow, max-snippet:-1, max-image-preview:large, max-video-preview:-1\" \/>\n<link rel=\"canonical\" href=\"https:\/\/dfrostsurfandyoga.cyon.site\/de\/location\/villa-surya-paradis-plage\" \/>\n<meta property=\"og:locale\" content=\"de_DE\" \/>\n<meta property=\"og:type\" content=\"article\" \/>\n<meta property=\"og:title\" content=\"Villa Surya | Yoga &amp; Meditation Paradis | DFrost Almugar\" \/>\n<meta property=\"og:description\" content=\"Yoga Retreat an Marokkos Atlantikk\u00fcste. Limitiert auf 16 G\u00e4ste f\u00fcr einen Urlaub voller Yoga, Meditation &amp; Wellness. Jetzt mehr erfahren.\" \/>\n<meta property=\"og:url\" content=\"https:\/\/dfrostsurfandyoga.cyon.site\/de\/location\/villa-surya-paradis-plage\" \/>\n<meta property=\"og:site_name\" content=\"DFrost Almugar Surf &amp; Yoga\" \/>\n<meta property=\"article:modified_time\" content=\"2022-10-06T14:01:58+00:00\" \/>\n<meta name=\"twitter:card\" content=\"summary_large_image\" \/>\n<script type=\"application\/ld+json\" class=\"yoast-schema-graph\">{\"@context\":\"https:\\\/\\\/schema.org\",\"@graph\":[{\"@type\":\"WebPage\",\"@id\":\"https:\\\/\\\/dfrostsurfandyoga.cyon.site\\\/de\\\/location\\\/villa-surya-paradis-plage\",\"url\":\"https:\\\/\\\/dfrostsurfandyoga.cyon.site\\\/de\\\/location\\\/villa-surya-paradis-plage\",\"name\":\"Villa Surya | Yoga & Meditation Paradis | DFrost Almugar\",\"isPartOf\":{\"@id\":\"https:\\\/\\\/dfrostsurfandyoga.cyon.site\\\/de#website\"},\"datePublished\":\"2018-11-23T15:10:53+00:00\",\"dateModified\":\"2022-10-06T14:01:58+00:00\",\"description\":\"Yoga Retreat an Marokkos Atlantikk\u00fcste. Limitiert auf 16 G\u00e4ste f\u00fcr einen Urlaub voller Yoga, Meditation & Wellness. Jetzt mehr erfahren.\",\"breadcrumb\":{\"@id\":\"https:\\\/\\\/dfrostsurfandyoga.cyon.site\\\/de\\\/location\\\/villa-surya-paradis-plage#breadcrumb\"},\"inLanguage\":\"de\",\"potentialAction\":[{\"@type\":\"ReadAction\",\"target\":[\"https:\\\/\\\/dfrostsurfandyoga.cyon.site\\\/de\\\/location\\\/villa-surya-paradis-plage\"]}]},{\"@type\":\"BreadcrumbList\",\"@id\":\"https:\\\/\\\/dfrostsurfandyoga.cyon.site\\\/de\\\/location\\\/villa-surya-paradis-plage#breadcrumb\",\"itemListElement\":[{\"@type\":\"ListItem\",\"position\":1,\"name\":\"Home\",\"item\":\"https:\\\/\\\/dfrostsurfandyoga.cyon.site\\\/de\"},{\"@type\":\"ListItem\",\"position\":2,\"name\":\"Location\",\"item\":\"https:\\\/\\\/dfrostsurfandyoga.cyon.site\\\/de\\\/location\"},{\"@type\":\"ListItem\",\"position\":3,\"name\":\"Villa Surya\"}]},{\"@type\":\"WebSite\",\"@id\":\"https:\\\/\\\/dfrostsurfandyoga.cyon.site\\\/de#website\",\"url\":\"https:\\\/\\\/dfrostsurfandyoga.cyon.site\\\/de\",\"name\":\"DFrost Almugar Surf &amp; Yoga\",\"description\":\"\",\"potentialAction\":[{\"@type\":\"SearchAction\",\"target\":{\"@type\":\"EntryPoint\",\"urlTemplate\":\"https:\\\/\\\/dfrostsurfandyoga.cyon.site\\\/de?s={search_term_string}\"},\"query-input\":{\"@type\":\"PropertyValueSpecification\",\"valueRequired\":true,\"valueName\":\"search_term_string\"}}],\"inLanguage\":\"de\"}]}<\/script>\n<!-- \/ Yoast SEO plugin. -->","yoast_head_json":{"title":"Villa Surya | Yoga & Meditation Paradis | DFrost Almugar","description":"Yoga Retreat an Marokkos Atlantikk\u00fcste. Limitiert auf 16 G\u00e4ste f\u00fcr einen Urlaub voller Yoga, Meditation & Wellness. Jetzt mehr erfahren.","robots":{"index":"index","follow":"follow","max-snippet":"max-snippet:-1","max-image-preview":"max-image-preview:large","max-video-preview":"max-video-preview:-1"},"canonical":"https:\/\/dfrostsurfandyoga.cyon.site\/de\/location\/villa-surya-paradis-plage","og_locale":"de_DE","og_type":"article","og_title":"Villa Surya | Yoga & Meditation Paradis | DFrost Almugar","og_description":"Yoga Retreat an Marokkos Atlantikk\u00fcste. Limitiert auf 16 G\u00e4ste f\u00fcr einen Urlaub voller Yoga, Meditation & Wellness. Jetzt mehr erfahren.","og_url":"https:\/\/dfrostsurfandyoga.cyon.site\/de\/location\/villa-surya-paradis-plage","og_site_name":"DFrost Almugar Surf &amp; Yoga","article_modified_time":"2022-10-06T14:01:58+00:00","twitter_card":"summary_large_image","schema":{"@context":"https:\/\/schema.org","@graph":[{"@type":"WebPage","@id":"https:\/\/dfrostsurfandyoga.cyon.site\/de\/location\/villa-surya-paradis-plage","url":"https:\/\/dfrostsurfandyoga.cyon.site\/de\/location\/villa-surya-paradis-plage","name":"Villa Surya | Yoga & Meditation Paradis | DFrost Almugar","isPartOf":{"@id":"https:\/\/dfrostsurfandyoga.cyon.site\/de#website"},"datePublished":"2018-11-23T15:10:53+00:00","dateModified":"2022-10-06T14:01:58+00:00","description":"Yoga Retreat an Marokkos Atlantikk\u00fcste. Limitiert auf 16 G\u00e4ste f\u00fcr einen Urlaub voller Yoga, Meditation & Wellness. Jetzt mehr erfahren.","breadcrumb":{"@id":"https:\/\/dfrostsurfandyoga.cyon.site\/de\/location\/villa-surya-paradis-plage#breadcrumb"},"inLanguage":"de","potentialAction":[{"@type":"ReadAction","target":["https:\/\/dfrostsurfandyoga.cyon.site\/de\/location\/villa-surya-paradis-plage"]}]},{"@type":"BreadcrumbList","@id":"https:\/\/dfrostsurfandyoga.cyon.site\/de\/location\/villa-surya-paradis-plage#breadcrumb","itemListElement":[{"@type":"ListItem","position":1,"name":"Home","item":"https:\/\/dfrostsurfandyoga.cyon.site\/de"},{"@type":"ListItem","position":2,"name":"Location","item":"https:\/\/dfrostsurfandyoga.cyon.site\/de\/location"},{"@type":"ListItem","position":3,"name":"Villa Surya"}]},{"@type":"WebSite","@id":"https:\/\/dfrostsurfandyoga.cyon.site\/de#website","url":"https:\/\/dfrostsurfandyoga.cyon.site\/de","name":"DFrost Almugar Surf &amp; Yoga","description":"","potentialAction":[{"@type":"SearchAction","target":{"@type":"EntryPoint","urlTemplate":"https:\/\/dfrostsurfandyoga.cyon.site\/de?s={search_term_string}"},"query-input":{"@type":"PropertyValueSpecification","valueRequired":true,"valueName":"search_term_string"}}],"inLanguage":"de"}]}},"_links":{"self":[{"href":"https:\/\/dfrostsurfandyoga.cyon.site\/de\/wp-json\/wp\/v2\/pages\/406","targetHints":{"allow":["GET"]}}],"collection":[{"href":"https:\/\/dfrostsurfandyoga.cyon.site\/de\/wp-json\/wp\/v2\/pages"}],"about":[{"href":"https:\/\/dfrostsurfandyoga.cyon.site\/de\/wp-json\/wp\/v2\/types\/page"}],"author":[{"embeddable":true,"href":"https:\/\/dfrostsurfandyoga.cyon.site\/de\/wp-json\/wp\/v2\/users\/9"}],"replies":[{"embeddable":true,"href":"https:\/\/dfrostsurfandyoga.cyon.site\/de\/wp-json\/wp\/v2\/comments?post=406"}],"version-history":[{"count":20,"href":"https:\/\/dfrostsurfandyoga.cyon.site\/de\/wp-json\/wp\/v2\/pages\/406\/revisions"}],"predecessor-version":[{"id":5765,"href":"https:\/\/dfrostsurfandyoga.cyon.site\/de\/wp-json\/wp\/v2\/pages\/406\/revisions\/5765"}],"up":[{"embeddable":true,"href":"https:\/\/dfrostsurfandyoga.cyon.site\/de\/wp-json\/wp\/v2\/pages\/131"}],"wp:attachment":[{"href":"https:\/\/dfrostsurfandyoga.cyon.site\/de\/wp-json\/wp\/v2\/media?parent=406"}],"curies":[{"name":"wp","href":"https:\/\/api.w.org\/{rel}","templated":true}]}}